{"id":162,"date":"2024-02-07T21:29:08","date_gmt":"2024-02-07T20:29:08","guid":{"rendered":"http:\/\/www.ztfg.de\/?page_id=162"},"modified":"2024-02-07T11:34:24","modified_gmt":"2024-02-07T10:34:24","slug":"news-2","status":"publish","type":"page","link":"https:\/\/www.ztfg.de\/index.php\/news-2\/","title":{"rendered":"News"},"content":{"rendered":"\n<figure class=\"wp-block-image\"><img loading=\"lazy\" decoding=\"async\" width=\"50\" height=\"50\" src=\"https:\/\/www.ztfg.de\/wp-content\/uploads\/2023\/12\/information-1.png\" alt=\"\" class=\"wp-image-160\"\/><\/figure>\n\n\n\n<pre class=\"wp-block-preformatted has-medium-font-size\">Herzlich Willkommen auf der neuen Homepage der ZTFG.\r\nNach einem Server Umzug befindet sich der Umbau der Webseite in ihrer Endphase.\r\n\r\nAuch unsere GameServer sind unter modernerem, stabilerem und allgemein besserem Gewand erreichbar, darunter:\r\nARMA3 (Domination auf Tanoa)\r\nProject Zomboid \r\nPalworld\r\nGarrys Mod: TTT\r\nMinecraft (Aktuell nur Clean Vanilla, eine richtige Infrastruktur ist in der Planungsphase)\r\n\r\nWeitere GameServer sind in Planung, darunter:\r\nGTA V Roleplay FiveM (Vorerst nur testweise!)\r\nDayZ Standalone (mit vielen Mods!)\r\nARMA3 Exile inkl. Wasteland\r\nNightingale (Release am 20.Februar 2024)\r\n\r\n\r\nDiese Server sind aktuell nicht Online, sind aber bei Bedarf sofort Einsatzbereit:\nARMA: Reforger\r\nARK: Survival Ascended (Rates und Progress sind NICHT vom alten Server)\r\nWreckfest (Steam Version)\r\nThe Front\r\n\r\nAlle Game Server sind unter der IP gaming.ztfg.de erreichbar, eventuell muss der Port manuell hinzugef\u00fcgt werden (z.B. Palworld gaming.ztfg.de:8766).\r\n\r\nDer TeamSpeak ist unter ztfg oder alternativ ts.ztfg.de erreichbar\r\n\r\nBei Fragen oder Problemen wendet euch bitte via TS an einen GameMaster oder Admin.\r\nDie Support Funktion der Homepage ist aktuell noch nicht verf\u00fcgbar.\r\n\r\n\r\nViel Spa\u00df auf unseren Servern und liebe Gr\u00fc\u00dfe,\r\n\r\nRabak, Serverleitung<\/pre>\n\n\n<div class=\"wp-block-post-date\"><time datetime=\"2024-02-07T21:29:08+01:00\">07\/02\/2024<\/time><\/div>","protected":false},"excerpt":{"rendered":"<p>Herzlich Willkommen auf der neuen Homepage der ZTFG. Nach einem Server Umzug befindet sich der Umbau der Webseite in ihrer Endphase. Auch unsere GameServer sind unter modernerem, stabilerem und allgemein [&hellip;]<\/p>\n","protected":false},"author":1,"featured_media":0,"parent":0,"menu_order":0,"comment_status":"closed","ping_status":"closed","template":"","meta":{"_price":"","_stock":"","_tribe_ticket_header":"","_tribe_default_ticket_provider":"","_tribe_ticket_capacity":"","_ticket_start_date":"","_ticket_end_date":"","_tribe_ticket_show_description":"","_tribe_ticket_show_not_going":false,"_tribe_ticket_use_global_stock":"","_tribe_ticket_global_stock_level":"","_global_stock_mode":"","_global_stock_cap":"","_tribe_rsvp_for_event":"","_tribe_ticket_going_count":"","_tribe_ticket_not_going_count":"","_tribe_tickets_list":"[]","_tribe_ticket_has_attendee_info_fields":false,"footnotes":""},"class_list":["post-162","page","type-page","status-publish","hentry"],"_links":{"self":[{"href":"https:\/\/www.ztfg.de\/index.php\/wp-json\/wp\/v2\/pages\/162","targetHints":{"allow":["GET"]}}],"collection":[{"href":"https:\/\/www.ztfg.de\/index.php\/wp-json\/wp\/v2\/pages"}],"about":[{"href":"https:\/\/www.ztfg.de\/index.php\/wp-json\/wp\/v2\/types\/page"}],"author":[{"embeddable":true,"href":"https:\/\/www.ztfg.de\/index.php\/wp-json\/wp\/v2\/users\/1"}],"replies":[{"embeddable":true,"href":"https:\/\/www.ztfg.de\/index.php\/wp-json\/wp\/v2\/comments?post=162"}],"version-history":[{"count":11,"href":"https:\/\/www.ztfg.de\/index.php\/wp-json\/wp\/v2\/pages\/162\/revisions"}],"predecessor-version":[{"id":729,"href":"https:\/\/www.ztfg.de\/index.php\/wp-json\/wp\/v2\/pages\/162\/revisions\/729"}],"wp:attachment":[{"href":"https:\/\/www.ztfg.de\/index.php\/wp-json\/wp\/v2\/media?parent=162"}],"curies":[{"name":"wp","href":"https:\/\/api.w.org\/{rel}","templated":true}]}}